{"id":10246,"date":"2021-12-23T14:52:49","date_gmt":"2021-12-23T12:52:49","guid":{"rendered":"https:\/\/bpartner.ee\/et\/?page_id=10246"},"modified":"2021-12-23T14:59:07","modified_gmt":"2021-12-23T12:59:07","slug":"privaatsuseeskirjad","status":"publish","type":"page","link":"https:\/\/bpartner.ee\/et\/privaat\/","title":{"rendered":"Privaatsuseeskirjad"},"content":{"rendered":"<p>Koosk\u00f5las kindlate privaatsust k\u00e4sitlevate seadustega, eelk\u00f5ige Euroopa isikuandmete kaitse \u00fcldm\u00e4\u00e4rusega (GDPR), tagab Bpartner nendega suhtlevatele inimestele t\u00e4iendavad \u00f5igused, nagu \u00f5igus andmetele juurdep\u00e4\u00e4suks, nende parandamiseks, vastuv\u00e4idete ja kaebuste esitamiseks ning andmete kustutamiseks ja blokeerimiseks.<\/p>\n<p>T\u00e4psemalt ja teatavatel asjaoludel on teil:<br \/>\n\u00f5igus n\u00f5uda teavet selle kohta, kas me t\u00f6\u00f6tleme andmeid ja milliseid, ning \u00f5igus n\u00f5uda nende andmete parandamist v\u00f5i muutmist;<br \/>\n\u00f5igus n\u00f5uda isikuandmete kustutamist;<br \/>\n\u00f5igus keelata isikuandmete t\u00f6\u00f6tlemine;<br \/>\n\u00f5igus vaadata oma isikuandmeid levinud, struktureeritud ja mehaaniliselt loetaval kujul;<br \/>\n\u00f5igus v\u00f5tta \u00fchendust meie andmekaitseametnikuga, kui teil on k\u00fcsimusi, m\u00e4rkusi, kaebusi v\u00f5i taotlusi seoses meie andmekaitseavaldusega ja teie isikuandmete t\u00f6\u00f6tlemisega;<br \/>\n\u00f5igus esitada kaebus vastutavale j\u00e4relevalveasutusele, kui arvate, et teie isikuandmete t\u00f6\u00f6tlemine rikub seadust.<\/p>\n<p>Lisaks \u00fclaltoodule viitame nendes privaatsuseeskirjades Euroopa territooriumi kodanike teatud \u00f5igustele. GDPR-ist tulenevalt kehtib termin \u201eEuroopa territooriumide kodanikud\u201c Euroopa Majanduspiirkonna (EMP), Euroopa Vabakaubanduspiirkonna (EFTA) ja \u0160veitsi kohta. Nende privaatsuseeskirjade huvides h\u00f5lmab termin \u201eEuroopa territooriumid\u201c j\u00e4tkuvalt \u00dchendkuningriiki, isegi kui \u00dchendkuningriik p\u00e4rast Brexitit Euroopa Majanduspiirkonnast lahkub.<br \/>\nKui teil on \u00fclaltoodud \u00f5iguste kasutamisega seoses k\u00fcsimusi, saatke meil aadressile info@bpartner.ee.<\/p>","protected":false},"excerpt":{"rendered":"<p>Koosk\u00f5las kindlate privaatsust k\u00e4sitlevate seadustega, eelk\u00f5ige Euroopa isikuandmete kaitse \u00fcldm\u00e4\u00e4rusega (GDPR), tagab Bpartner nendega suhtlevatele inimestele t\u00e4iendavad \u00f5igused, nagu \u00f5igus<\/p>\n","protected":false},"author":1,"featured_media":0,"parent":0,"menu_order":0,"comment_status":"closed","ping_status":"closed","template":"","meta":[],"_links":{"self":[{"href":"https:\/\/bpartner.ee\/et\/wp-json\/wp\/v2\/pages\/10246"}],"collection":[{"href":"https:\/\/bpartner.ee\/et\/wp-json\/wp\/v2\/pages"}],"about":[{"href":"https:\/\/bpartner.ee\/et\/wp-json\/wp\/v2\/types\/page"}],"author":[{"embeddable":true,"href":"https:\/\/bpartner.ee\/et\/wp-json\/wp\/v2\/users\/1"}],"replies":[{"embeddable":true,"href":"https:\/\/bpartner.ee\/et\/wp-json\/wp\/v2\/comments?post=10246"}],"version-history":[{"count":2,"href":"https:\/\/bpartner.ee\/et\/wp-json\/wp\/v2\/pages\/10246\/revisions"}],"predecessor-version":[{"id":10248,"href":"https:\/\/bpartner.ee\/et\/wp-json\/wp\/v2\/pages\/10246\/revisions\/10248"}],"wp:attachment":[{"href":"https:\/\/bpartner.ee\/et\/wp-json\/wp\/v2\/media?parent=10246"}],"curies":[{"name":"wp","href":"https:\/\/api.w.org\/{rel}","templated":true}]}}