{"id":10128,"date":"2021-08-02T18:11:44","date_gmt":"2021-08-02T16:11:44","guid":{"rendered":"https:\/\/bpartner.ee\/et\/?page_id=10128"},"modified":"2024-09-19T13:51:10","modified_gmt":"2024-09-19T11:51:10","slug":"autoremont","status":"publish","type":"page","link":"https:\/\/bpartner.ee\/et\/autoremont\/","title":{"rendered":"Autoremont"},"content":{"rendered":"<p>[vc_row][vc_column][vc_column_text woodmart_inline=&#8221;no&#8221; text_larger=&#8221;no&#8221;]<strong>AUTOREMONT<\/strong><\/p>\n<p>&nbsp;<\/p>\n<p>S\u00f5iduauto remondit\u00f6\u00f6d \u2013\u00a0<strong>55 EUR \/ h<\/strong><br \/>\nPiduriklotside vahetus (1 sild) \u2013\u00a0<strong>40 EUR<\/strong><br \/>\nPiduriketaste ja klotside vahetus (1 sild) \u2013\u00a0<strong>70 EUR<\/strong><br \/>\nVeremikukontroll \u2013\u00a0<strong>25 EUR<\/strong><br \/>\nEsisilla reguleerimine \u2013<strong>\u00a060 EUR<\/strong><br \/>\nEsi ja tagasilla reguleerimine \u2013\u00a0<strong>70 EUR<\/strong><br \/>\n\u00d5livahetus t\u00f6\u00f6 \u2013\u00a0<strong>35 EUR<\/strong><br \/>\nFiltite vahetus (\u00f5hu, k\u00fctuse, salongi) \u2013\u00a0<strong>45 EUR<\/strong><br \/>\nK\u00e4igukasti \u00f5livahetus al. \u2013\u00a0<strong>60 EUR<\/strong><br \/>\nKonditsioneeri hooldus + t\u00e4itmine\u00a0 R134A \u2013\u00a0<strong>80 EUR<\/strong><br \/>\nKonditsioneeri hooldus + t\u00e4itmine R1234YF \u2013\u00a0<strong>160 EUR<br \/>\n<\/strong>Diagnostika<strong>\u00a0\u2013 25 EUR<\/strong><\/p>\n<p><strong>REHVIVAHETUS<br \/>\n<\/strong><br \/>\nRehvivahetus s\u00f5iduauto R13-R16 \u2013\u00a0<strong>50 EUR<\/strong><br \/>\nRehvivahetus s\u00f5iduauto R17-R18 \u2013\u00a0<strong>60 EUR<\/strong><br \/>\nRehvivahetus s\u00f5iduauto R19-R21 \u2013\u00a0<strong>70 EUR<\/strong><br \/>\nRehvivahetus kaubik,maastur\u00a0<strong>+ 10 EUR<br \/>\n<\/strong>Rehviremont \u2013\u00a0<strong>25 EUR<\/strong><\/p>\n<p><strong>AUTOPESU<\/strong><\/p>\n<p>Autopesu v\u00e4lis (pigi,\u0161ampoon,vaha) \u2013\u00a0<strong>30 EUR<\/strong><br \/>\nAuto sisepuhastus (tolmuimeja,plastik,klaasid) \u2013\u00a0<strong>30 EUR<br \/>\n<\/strong>P\u00fcsivaha \u2013\u00a0<strong>70 EUR<br \/>\n<\/strong>Pigieemaldamine \u2013<strong>\u00a0100 EUR<br \/>\n<\/strong>Keemiline puhastus \u2013<strong>\u00a0al. 50 EUR<\/strong><\/p>\n<p>Auopesu teenused kaubik,maastur\u00a0<strong>+ 10 EUR<\/strong>[\/vc_column_text][\/vc_column][\/vc_row]<\/p>","protected":false},"excerpt":{"rendered":"<p>[vc_row][vc_column][vc_column_text woodmart_inline=&#8221;no&#8221; text_larger=&#8221;no&#8221;]AUTOREMONT &nbsp; S\u00f5iduauto remondit\u00f6\u00f6d \u2013\u00a055 EUR \/ h Piduriklotside vahetus (1 sild) \u2013\u00a040 EUR Piduriketaste ja klotside vahetus<\/p>\n","protected":false},"author":1,"featured_media":0,"parent":0,"menu_order":0,"comment_status":"closed","ping_status":"closed","template":"","meta":[],"_links":{"self":[{"href":"https:\/\/bpartner.ee\/et\/wp-json\/wp\/v2\/pages\/10128"}],"collection":[{"href":"https:\/\/bpartner.ee\/et\/wp-json\/wp\/v2\/pages"}],"about":[{"href":"https:\/\/bpartner.ee\/et\/wp-json\/wp\/v2\/types\/page"}],"author":[{"embeddable":true,"href":"https:\/\/bpartner.ee\/et\/wp-json\/wp\/v2\/users\/1"}],"replies":[{"embeddable":true,"href":"https:\/\/bpartner.ee\/et\/wp-json\/wp\/v2\/comments?post=10128"}],"version-history":[{"count":5,"href":"https:\/\/bpartner.ee\/et\/wp-json\/wp\/v2\/pages\/10128\/revisions"}],"predecessor-version":[{"id":10331,"href":"https:\/\/bpartner.ee\/et\/wp-json\/wp\/v2\/pages\/10128\/revisions\/10331"}],"wp:attachment":[{"href":"https:\/\/bpartner.ee\/et\/wp-json\/wp\/v2\/media?parent=10128"}],"curies":[{"name":"wp","href":"https:\/\/api.w.org\/{rel}","templated":true}]}}